{"id":100306,"date":"2025-11-02T18:14:23","date_gmt":"2025-11-02T18:14:23","guid":{"rendered":"https:\/\/neferiye.com\/?page_id=100306"},"modified":"2025-11-02T18:14:23","modified_gmt":"2025-11-02T18:14:23","slug":"panik","status":"publish","type":"page","link":"https:\/\/neferiye.com\/en\/panik\/","title":{"rendered":"Pan\u0131k"},"content":{"rendered":"<p>[et_pb_section fb_built=&#8221;1&#8243; admin_label=&#8221;Header&#8221; _builder_version=&#8221;4.27.4&#8243; _module_preset=&#8221;default&#8221; background_color=&#8221;#000000&#8243; use_background_color_gradient=&#8221;on&#8221; background_color_gradient_stops=&#8221;rgba(0,0,0,0) 0%|#000d16 100%&#8221; background_color_gradient_overlays_image=&#8221;on&#8221; background_image=&#8221;https:\/\/neferiye.com\/wp-content\/uploads\/2025\/11\/panik-3.webp&#8221; custom_padding=&#8221;12%||12%||true|false&#8221; hover_enabled=&#8221;0&#8243; locked=&#8221;off&#8221; collapsed=&#8221;off&#8221; global_colors_info=&#8221;{}&#8221; title_text=&#8221;panik-3&#8243; sticky_enabled=&#8221;0&#8243;][et_pb_row _builder_version=&#8221;4.18.0&#8243; _module_preset=&#8221;default&#8221; z_index=&#8221;1&#8243; max_width=&#8221;700px&#8221; global_colors_info=&#8221;{}&#8221;][et_pb_column type=&#8221;4_4&#8243; _builder_version=&#8221;4.18.0&#8243; _module_preset=&#8221;default&#8221; global_colors_info=&#8221;{}&#8221;][et_pb_image src=&#8221;https:\/\/neferiye.com\/wp-content\/uploads\/2025\/10\/neferiye-grapes-white.png&#8221; title_text=&#8221;neferiye-grapes-white&#8221; align=&#8221;center&#8221; _builder_version=&#8221;4.27.4&#8243; _module_preset=&#8221;default&#8221; width=&#8221;218px&#8221; max_width=&#8221;100%&#8221; custom_margin=&#8221;||30px||false|false&#8221; locked=&#8221;off&#8221; global_colors_info=&#8221;{}&#8221;][\/et_pb_image][et_pb_text _builder_version=&#8221;4.27.4&#8243; _module_preset=&#8221;c16985e1-e0d6-4022-964d-e2bfc04fa633&#8243; header_font=&#8221;Baskervville|700|||||||&#8221; header_text_color=&#8221;#FFFFFF&#8221; header_font_size=&#8221;72px&#8221; header_line_height=&#8221;1.2em&#8221; text_orientation=&#8221;center&#8221; hover_enabled=&#8221;0&#8243; header_font_size_tablet=&#8221;40px&#8221; header_font_size_phone=&#8221;24px&#8221; header_font_size_last_edited=&#8221;on|desktop&#8221; global_colors_info=&#8221;{}&#8221; sticky_enabled=&#8221;0&#8243;]<\/p>\n<h1><span class=\"a_GcMg font-feature-liga-off font-feature-clig-off font-feature-calt-off text-decoration-none text-strikethrough-none\">Pan\u0131k<\/span><\/h1>\n<p>[\/et_pb_text][et_pb_text _builder_version=&#8221;4.27.4&#8243; _module_preset=&#8221;518880c8-46c7-4ffa-b5a6-93ffa99dcc17&#8243; text_font=&#8221;||||||||&#8221; text_text_color=&#8221;#FFFFFF&#8221; text_font_size=&#8221;18px&#8221; text_line_height=&#8221;1.6em&#8221; link_text_color=&#8221;#23CDE7&#8243; text_orientation=&#8221;center&#8221; hover_enabled=&#8221;0&#8243; text_font_size_tablet=&#8221;16px&#8221; text_font_size_phone=&#8221;14px&#8221; text_font_size_last_edited=&#8221;on|phone&#8221; global_colors_info=&#8221;{}&#8221; sticky_enabled=&#8221;0&#8243;]<\/p>\n<p><span class=\"a_GcMg font-feature-liga-off font-feature-clig-off font-feature-calt-off text-decoration-none text-strikethrough-none\">Y\u00fcksek da\u011f k\u00f6ylerinin narin ama diren\u00e7li \u00e7ocu\u011fu.<\/span><\/p>\n<p>[\/et_pb_text][\/et_pb_column][\/et_pb_row][\/et_pb_section][et_pb_section fb_built=&#8221;1&#8243; admin_label=&#8221;About&#8221; _builder_version=&#8221;4.18.0&#8243; _module_preset=&#8221;default&#8221; locked=&#8221;off&#8221; collapsed=&#8221;on&#8221; global_colors_info=&#8221;{}&#8221;][et_pb_row column_structure=&#8221;1_4,1_2,1_4&#8243; use_custom_gutter=&#8221;on&#8221; gutter_width=&#8221;2&#8243; make_equal=&#8221;on&#8221; _builder_version=&#8221;4.27.4&#8243; _module_preset=&#8221;default&#8221; background_color=&#8221;#FFFFFF&#8221; custom_padding=&#8221;0px||0px||true|false&#8221; hover_enabled=&#8221;0&#8243; box_shadow_style=&#8221;preset4&#8243; box_shadow_horizontal=&#8221;0px&#8221; box_shadow_vertical=&#8221;2px&#8221; box_shadow_blur=&#8221;60px&#8221; box_shadow_color=&#8221;rgba(6,39,58,0.15)&#8221; global_colors_info=&#8221;{}&#8221; sticky_enabled=&#8221;0&#8243;][et_pb_column type=&#8221;1_4&#8243; _builder_version=&#8221;4.27.4&#8243; _module_preset=&#8221;default&#8221; background_image=&#8221;https:\/\/neferiye.com\/wp-content\/uploads\/2025\/11\/panik-7.webp&#8221; background_position=&#8221;center_left&#8221; background_horizontal_offset=&#8221;46%&#8221; hover_enabled=&#8221;0&#8243; global_colors_info=&#8221;{}&#8221; title_text=&#8221;panik-7&#8243; sticky_enabled=&#8221;0&#8243;][et_pb_divider show_divider=&#8221;off&#8221; _builder_version=&#8221;4.18.0&#8243; _module_preset=&#8221;default&#8221; height_tablet=&#8221;60vw&#8221; height_phone=&#8221;60vw&#8221; height_last_edited=&#8221;on|tablet&#8221; locked=&#8221;off&#8221; global_colors_info=&#8221;{}&#8221;][\/et_pb_divider][\/et_pb_column][et_pb_column type=&#8221;1_2&#8243; _builder_version=&#8221;4.18.0&#8243; _module_preset=&#8221;default&#8221; custom_padding=&#8221;60px|30px|60px|30px|true|true&#8221; custom_padding_tablet=&#8221;30px||30px||true|true&#8221; custom_padding_phone=&#8221;20px|20px|20px|20px|true|true&#8221; custom_padding_last_edited=&#8221;on|desktop&#8221; global_colors_info=&#8221;{}&#8221;][et_pb_text _builder_version=&#8221;4.27.4&#8243; _module_preset=&#8221;e6504a1b-67eb-4b3d-b023-bcab277610b6&#8243; header_4_font=&#8221;Baskervville|700||on|||||&#8221; header_4_text_color=&#8221;gcid-eadae62d-9be3-4afb-b2dd-2526074bdbe3&#8243; header_4_font_size=&#8221;14px&#8221; header_4_letter_spacing=&#8221;0.1em&#8221; header_4_line_height=&#8221;1.5em&#8221; text_orientation=&#8221;center&#8221; custom_margin=&#8221;||0px||false|false&#8221; hover_enabled=&#8221;0&#8243; global_colors_info=&#8221;{%22gcid-eadae62d-9be3-4afb-b2dd-2526074bdbe3%22:%91%22header_4_text_color%22%93}&#8221; sticky_enabled=&#8221;0&#8243;]<\/p>\n<h4>PANIK<\/h4>\n<p>[\/et_pb_text][et_pb_text _builder_version=&#8221;4.27.4&#8243; _module_preset=&#8221;b327cbe4-b1d5-4b66-ad37-40c8f2f061ba&#8221; header_2_font=&#8221;Baskervville|700|||||||&#8221; header_2_text_color=&#8221;gcid-heading-color&#8221; header_2_font_size=&#8221;48px&#8221; header_2_line_height=&#8221;1.35em&#8221; text_orientation=&#8221;center&#8221; hover_enabled=&#8221;0&#8243; header_2_font_size_tablet=&#8221;32px&#8221; header_2_font_size_phone=&#8221;20px&#8221; header_2_font_size_last_edited=&#8221;on|desktop&#8221; global_colors_info=&#8221;{%22gcid-heading-color%22:%91%22header_2_text_color%22%93}&#8221; sticky_enabled=&#8221;0&#8243;]<\/p>\n<h2><span class=\"a_GcMg font-feature-liga-off font-feature-clig-off font-feature-calt-off text-decoration-none text-strikethrough-none\">Y\u00fcksek da\u011f k\u00f6ylerinin narin ama diren\u00e7li \u00e7ocu\u011fu.<\/span><\/h2>\n<p>[\/et_pb_text][et_pb_text _builder_version=&#8221;4.27.4&#8243; _module_preset=&#8221;1f09816e-184e-4ce5-a4cf-b39c52c423ca&#8221; text_font=&#8221;Baskervville||||||||&#8221; text_text_color=&#8221;#000000&#8243; text_line_height=&#8221;1.8em&#8221; link_text_color=&#8221;#23CDE7&#8243; text_orientation=&#8221;center&#8221; hover_enabled=&#8221;0&#8243; text_font_size_tablet=&#8221;15px&#8221; text_font_size_phone=&#8221;14px&#8221; text_font_size_last_edited=&#8221;on|phone&#8221; header_font_size_tablet=&#8221;55px&#8221; header_font_size_last_edited=&#8221;off|desktop&#8221; global_colors_info=&#8221;{}&#8221; sticky_enabled=&#8221;0&#8243;]Pan\u0131k, Bodrum\u2019un 900 metre rak\u0131ml\u0131 da\u011f k\u00f6ylerinde, a\u011fa\u00e7lara sar\u0131l\u0131 100 ya\u015f\u0131n\u0131 a\u015fm\u0131\u015f asmalarda yeti\u015fen yerel bir \u00fcz\u00fcm \u00e7e\u015fididir. Sert k\u0131\u015flar ve karla \u015fekillenen ikliminde, \u00e7am ve me\u015fe ormanlar\u0131n\u0131n aras\u0131nda olgunla\u015f\u0131r. Topraklar\u0131 kumlu, t\u0131nl\u0131 ve \u00e7ak\u0131ll\u0131d\u0131r; alt\u0131ndaki kil tabakas\u0131, k\u00f6klere do\u011fal bir derinlik kazand\u0131r\u0131r.<\/p>\n<p>Burunda ac\u0131badem ve yasemin; damakta mandalina, portakal kabu\u011fu ve pamuk helva notalar\u0131yla zarif bir denge kurar. Orta g\u00f6vdeli ve orta asitli yap\u0131s\u0131yla Pan\u0131k, Bodrum\u2019un iklimini ve do\u011fas\u0131n\u0131 aromatik bir zarafetle yans\u0131t\u0131r.<\/p>\n<p>Rak\u0131m: 900 m<br \/>\nToprak: Kumlu, t\u0131nl\u0131, \u00e7ak\u0131ll\u0131, alt\u0131nda kil tabakas\u0131<br \/>\nHasat: A\u011fustos sonu<br \/>\npH: 3.0\u20133.3<br \/>\nAlkol: %12\u201312.8<br \/>\nTanen: Orta-alt\u0131<br \/>\nAsit: Orta<br \/>\nRenk: K\u0131rm\u0131z\u0131-siyah aras\u0131, orta \u00fcst\u00fc taneler<br \/>\n[\/et_pb_text][\/et_pb_column][et_pb_column type=&#8221;1_4&#8243; _builder_version=&#8221;4.27.4&#8243; _module_preset=&#8221;default&#8221; background_image=&#8221;https:\/\/neferiye.com\/wp-content\/uploads\/2025\/11\/panik-9.webp&#8221; background_position=&#8221;center_left&#8221; background_horizontal_offset=&#8221;99%&#8221; hover_enabled=&#8221;0&#8243; global_colors_info=&#8221;{}&#8221; title_text=&#8221;panik-9&#8243; sticky_enabled=&#8221;0&#8243;][et_pb_divider show_divider=&#8221;off&#8221; _builder_version=&#8221;4.18.0&#8243; _module_preset=&#8221;default&#8221; height_tablet=&#8221;60vw&#8221; height_phone=&#8221;60vw&#8221; height_last_edited=&#8221;on|tablet&#8221; global_colors_info=&#8221;{}&#8221;][\/et_pb_divider][\/et_pb_column][\/et_pb_row][\/et_pb_section]<\/p>\n","protected":false},"excerpt":{"rendered":"<p>Pan\u0131kY\u00fcksek da\u011f k\u00f6ylerinin narin ama diren\u00e7li \u00e7ocu\u011fu.PANIKY\u00fcksek da\u011f k\u00f6ylerinin narin ama diren\u00e7li \u00e7ocu\u011fu.Pan\u0131k, Bodrum\u2019un 900 metre rak\u0131ml\u0131 da\u011f k\u00f6ylerinde, a\u011fa\u00e7lara sar\u0131l\u0131 100 ya\u015f\u0131n\u0131 a\u015fm\u0131\u015f asmalarda yeti\u015fen yerel bir \u00fcz\u00fcm \u00e7e\u015fididir. Sert k\u0131\u015flar ve karla \u015fekillenen ikliminde, \u00e7am ve me\u015fe ormanlar\u0131n\u0131n aras\u0131nda olgunla\u015f\u0131r. Topraklar\u0131 kumlu, t\u0131nl\u0131 ve \u00e7ak\u0131ll\u0131d\u0131r; alt\u0131ndaki kil tabakas\u0131, k\u00f6klere do\u011fal bir derinlik kazand\u0131r\u0131r. [&hellip;]<\/p>\n","protected":false},"author":1,"featured_media":0,"parent":0,"menu_order":0,"comment_status":"closed","ping_status":"closed","template":"","meta":{"_et_pb_use_builder":"on","_et_pb_old_content":"","_et_gb_content_width":"","footnotes":""},"class_list":["post-100306","page","type-page","status-publish","hentry"],"_links":{"self":[{"href":"https:\/\/neferiye.com\/en\/wp-json\/wp\/v2\/pages\/100306","targetHints":{"allow":["GET"]}}],"collection":[{"href":"https:\/\/neferiye.com\/en\/wp-json\/wp\/v2\/pages"}],"about":[{"href":"https:\/\/neferiye.com\/en\/wp-json\/wp\/v2\/types\/page"}],"author":[{"embeddable":true,"href":"https:\/\/neferiye.com\/en\/wp-json\/wp\/v2\/users\/1"}],"replies":[{"embeddable":true,"href":"https:\/\/neferiye.com\/en\/wp-json\/wp\/v2\/comments?post=100306"}],"version-history":[{"count":3,"href":"https:\/\/neferiye.com\/en\/wp-json\/wp\/v2\/pages\/100306\/revisions"}],"predecessor-version":[{"id":100324,"href":"https:\/\/neferiye.com\/en\/wp-json\/wp\/v2\/pages\/100306\/revisions\/100324"}],"wp:attachment":[{"href":"https:\/\/neferiye.com\/en\/wp-json\/wp\/v2\/media?parent=100306"}],"curies":[{"name":"wp","href":"https:\/\/api.w.org\/{rel}","templated":true}]}}