{"id":100298,"date":"2025-11-02T18:04:29","date_gmt":"2025-11-02T18:04:29","guid":{"rendered":"https:\/\/neferiye.com\/?page_id=100298"},"modified":"2025-11-04T18:14:17","modified_gmt":"2025-11-04T18:14:17","slug":"kanlikara","status":"publish","type":"page","link":"https:\/\/neferiye.com\/en\/kanlikara\/","title":{"rendered":"Kanl\u0131kara"},"content":{"rendered":"<p>[et_pb_section fb_built=&#8221;1&#8243; admin_label=&#8221;Header&#8221; _builder_version=&#8221;4.27.4&#8243; _module_preset=&#8221;default&#8221; background_color=&#8221;#000000&#8243; use_background_color_gradient=&#8221;on&#8221; background_color_gradient_stops=&#8221;rgba(0,0,0,0) 0%|#000d16 100%&#8221; background_color_gradient_overlays_image=&#8221;on&#8221; background_image=&#8221;https:\/\/neferiye.com\/wp-content\/uploads\/2025\/10\/neferiye-25.webp&#8221; custom_padding=&#8221;12%||12%||true|false&#8221; hover_enabled=&#8221;0&#8243; locked=&#8221;off&#8221; collapsed=&#8221;off&#8221; global_colors_info=&#8221;{}&#8221; title_text=&#8221;neferiye-25&#8243; sticky_enabled=&#8221;0&#8243;][et_pb_row _builder_version=&#8221;4.18.0&#8243; _module_preset=&#8221;default&#8221; z_index=&#8221;1&#8243; max_width=&#8221;700px&#8221; global_colors_info=&#8221;{}&#8221;][et_pb_column type=&#8221;4_4&#8243; _builder_version=&#8221;4.18.0&#8243; _module_preset=&#8221;default&#8221; global_colors_info=&#8221;{}&#8221;][et_pb_image src=&#8221;https:\/\/neferiye.com\/wp-content\/uploads\/2025\/10\/neferiye-grapes-white.png&#8221; title_text=&#8221;neferiye-grapes-white&#8221; align=&#8221;center&#8221; _builder_version=&#8221;4.27.4&#8243; _module_preset=&#8221;default&#8221; width=&#8221;218px&#8221; max_width=&#8221;100%&#8221; custom_margin=&#8221;||30px||false|false&#8221; locked=&#8221;off&#8221; global_colors_info=&#8221;{}&#8221;][\/et_pb_image][et_pb_text _builder_version=&#8221;4.27.4&#8243; _module_preset=&#8221;c16985e1-e0d6-4022-964d-e2bfc04fa633&#8243; header_font=&#8221;Baskervville|700|||||||&#8221; header_text_color=&#8221;#FFFFFF&#8221; header_font_size=&#8221;72px&#8221; header_line_height=&#8221;1.2em&#8221; text_orientation=&#8221;center&#8221; header_font_size_tablet=&#8221;40px&#8221; header_font_size_phone=&#8221;24px&#8221; header_font_size_last_edited=&#8221;on|desktop&#8221; global_colors_info=&#8221;{}&#8221;]<\/p>\n<h1><span class=\"a_GcMg font-feature-liga-off font-feature-clig-off font-feature-calt-off text-decoration-none text-strikethrough-none\">Kanl\u0131kara<\/span><\/h1>\n<p>[\/et_pb_text][et_pb_text _builder_version=&#8221;4.27.4&#8243; _module_preset=&#8221;518880c8-46c7-4ffa-b5a6-93ffa99dcc17&#8243; text_font=&#8221;||||||||&#8221; text_text_color=&#8221;#FFFFFF&#8221; text_font_size=&#8221;18px&#8221; text_line_height=&#8221;1.6em&#8221; link_text_color=&#8221;#23CDE7&#8243; text_orientation=&#8221;center&#8221; text_font_size_tablet=&#8221;16px&#8221; text_font_size_phone=&#8221;14px&#8221; text_font_size_last_edited=&#8221;on|phone&#8221; global_colors_info=&#8221;{}&#8221;]<\/p>\n<p><span class=\"a_GcMg font-feature-liga-off font-feature-clig-off font-feature-calt-off text-decoration-none text-strikethrough-none\">Orman\u0131n derinli\u011finden gelen k\u0131rm\u0131z\u0131 bir miras.<\/span><\/p>\n<p>[\/et_pb_text][\/et_pb_column][\/et_pb_row][\/et_pb_section][et_pb_section fb_built=&#8221;1&#8243; admin_label=&#8221;About&#8221; _builder_version=&#8221;4.18.0&#8243; _module_preset=&#8221;default&#8221; locked=&#8221;off&#8221; collapsed=&#8221;on&#8221; global_colors_info=&#8221;{}&#8221;][et_pb_row column_structure=&#8221;1_4,1_2,1_4&#8243; use_custom_gutter=&#8221;on&#8221; gutter_width=&#8221;2&#8243; make_equal=&#8221;on&#8221; _builder_version=&#8221;4.27.4&#8243; _module_preset=&#8221;default&#8221; background_color=&#8221;#FFFFFF&#8221; custom_padding=&#8221;0px||0px||true|false&#8221; box_shadow_style=&#8221;preset4&#8243; box_shadow_horizontal=&#8221;0px&#8221; box_shadow_vertical=&#8221;2px&#8221; box_shadow_blur=&#8221;60px&#8221; box_shadow_color=&#8221;rgba(6,39,58,0.15)&#8221; global_colors_info=&#8221;{}&#8221;][et_pb_column type=&#8221;1_4&#8243; _builder_version=&#8221;4.27.4&#8243; _module_preset=&#8221;default&#8221; background_image=&#8221;https:\/\/neferiye.com\/wp-content\/uploads\/2025\/11\/kanlikara.webp&#8221; background_position=&#8221;center_left&#8221; background_horizontal_offset=&#8221;98%&#8221; global_colors_info=&#8221;{}&#8221;][et_pb_divider show_divider=&#8221;off&#8221; _builder_version=&#8221;4.18.0&#8243; _module_preset=&#8221;default&#8221; height_tablet=&#8221;60vw&#8221; height_phone=&#8221;60vw&#8221; height_last_edited=&#8221;on|tablet&#8221; locked=&#8221;off&#8221; global_colors_info=&#8221;{}&#8221;][\/et_pb_divider][\/et_pb_column][et_pb_column type=&#8221;1_2&#8243; _builder_version=&#8221;4.18.0&#8243; _module_preset=&#8221;default&#8221; custom_padding=&#8221;60px|30px|60px|30px|true|true&#8221; custom_padding_tablet=&#8221;30px||30px||true|true&#8221; custom_padding_phone=&#8221;20px|20px|20px|20px|true|true&#8221; custom_padding_last_edited=&#8221;on|desktop&#8221; global_colors_info=&#8221;{}&#8221;][et_pb_text _builder_version=&#8221;4.27.4&#8243; _module_preset=&#8221;e6504a1b-67eb-4b3d-b023-bcab277610b6&#8243; header_4_font=&#8221;Baskervville|700||on|||||&#8221; header_4_text_color=&#8221;gcid-eadae62d-9be3-4afb-b2dd-2526074bdbe3&#8243; header_4_font_size=&#8221;14px&#8221; header_4_letter_spacing=&#8221;0.1em&#8221; header_4_line_height=&#8221;1.5em&#8221; text_orientation=&#8221;center&#8221; custom_margin=&#8221;||0px||false|false&#8221; global_colors_info=&#8221;{%22gcid-eadae62d-9be3-4afb-b2dd-2526074bdbe3%22:%91%22header_4_text_color%22%93}&#8221;]<\/p>\n<h4>KANLIKARA<\/h4>\n<p>[\/et_pb_text][et_pb_text _builder_version=&#8221;4.27.4&#8243; _module_preset=&#8221;b327cbe4-b1d5-4b66-ad37-40c8f2f061ba&#8221; header_2_font=&#8221;Baskervville|700|||||||&#8221; header_2_text_color=&#8221;gcid-heading-color&#8221; header_2_font_size=&#8221;48px&#8221; header_2_line_height=&#8221;1.35em&#8221; text_orientation=&#8221;center&#8221; header_2_font_size_tablet=&#8221;32px&#8221; header_2_font_size_phone=&#8221;20px&#8221; header_2_font_size_last_edited=&#8221;on|desktop&#8221; global_colors_info=&#8221;{%22gcid-heading-color%22:%91%22header_2_text_color%22%93}&#8221;]<\/p>\n<h2>Orman\u0131n derinli\u011finden gelen k\u0131rm\u0131z\u0131 bir miras.<\/h2>\n<p>[\/et_pb_text][et_pb_text _builder_version=&#8221;4.27.4&#8243; _module_preset=&#8221;1f09816e-184e-4ce5-a4cf-b39c52c423ca&#8221; text_font=&#8221;Baskervville||||||||&#8221; text_text_color=&#8221;#000000&#8243; text_line_height=&#8221;1.8em&#8221; link_text_color=&#8221;#23CDE7&#8243; text_orientation=&#8221;center&#8221; text_font_size_tablet=&#8221;15px&#8221; text_font_size_phone=&#8221;14px&#8221; text_font_size_last_edited=&#8221;on|phone&#8221; header_font_size_tablet=&#8221;55px&#8221; header_font_size_last_edited=&#8221;off|desktop&#8221; global_colors_info=&#8221;{}&#8221;]Kanl\u0131kara, Bodrum\u2019un orman k\u00f6ylerinde, y\u00fczy\u0131ll\u0131k asmalar\u0131n a\u011fa\u00e7lara sar\u0131larak ya\u015fad\u0131\u011f\u0131, do\u011fal ko\u015fullarda yeti\u015fen bir yerel \u00fcz\u00fcm t\u00fcr\u00fcd\u00fcr. Budama ya da sulama yap\u0131lmadan, do\u011fan\u0131n ritmine b\u0131rak\u0131lm\u0131\u015f asmalarda yeti\u015fir. Kumlu ve t\u0131nl\u0131 yap\u0131ya sahip topraklar\u0131 \u00e7am ormanlar\u0131yla \u00e7evrilidir.<\/p>\n<p>Burunda k\u0131rm\u0131z\u0131 meyve, hibiskus ve karabiber; damakta vi\u015fne, \u00e7ay yapra\u011f\u0131 ve \u00e7am re\u00e7inesi izleri ta\u015f\u0131r. Y\u00fcksek asiditesi ve orta g\u00f6vdesiyle dengelidir. Kanl\u0131kara, Neferiye\u2019nin \u201cba\u011flar\u0131n bek\u00e7ileri\u201d ruhunu en saf h\u00e2liyle ta\u015f\u0131r.<\/p>\n<p>Rak\u0131m: 900 m<br \/>\nToprak: Kumlu, t\u0131nl\u0131, \u00e7ak\u0131ll\u0131, alt\u0131nda kil tabakas\u0131<br \/>\nHasat: Ekim ba\u015f\u0131<br \/>\npH: 3.0\u20133.3<br \/>\nAlkol: %12.5\u201313.5<br \/>\nTanen: Orta<br \/>\nAsit: Orta-\u00fcst\u00fc<br \/>\nRenk: Koyu siyah, seyrek salk\u0131m[\/et_pb_text][\/et_pb_column][et_pb_column type=&#8221;1_4&#8243; _builder_version=&#8221;4.27.4&#8243; _module_preset=&#8221;default&#8221; background_image=&#8221;https:\/\/neferiye.com\/wp-content\/uploads\/2025\/10\/neferiye-25.webp&#8221; background_position=&#8221;center_left&#8221; background_horizontal_offset=&#8221;82%&#8221; global_colors_info=&#8221;{}&#8221;][et_pb_divider show_divider=&#8221;off&#8221; _builder_version=&#8221;4.18.0&#8243; _module_preset=&#8221;default&#8221; height_tablet=&#8221;60vw&#8221; height_phone=&#8221;60vw&#8221; height_last_edited=&#8221;on|tablet&#8221; global_colors_info=&#8221;{}&#8221;][\/et_pb_divider][\/et_pb_column][\/et_pb_row][\/et_pb_section]<\/p>\n","protected":false},"excerpt":{"rendered":"<p>Kanl\u0131karaOrman\u0131n derinli\u011finden gelen k\u0131rm\u0131z\u0131 bir miras.KANLIKARAOrman\u0131n derinli\u011finden gelen k\u0131rm\u0131z\u0131 bir miras.Kanl\u0131kara, Bodrum\u2019un orman k\u00f6ylerinde, y\u00fczy\u0131ll\u0131k asmalar\u0131n a\u011fa\u00e7lara sar\u0131larak ya\u015fad\u0131\u011f\u0131, do\u011fal ko\u015fullarda yeti\u015fen bir yerel \u00fcz\u00fcm t\u00fcr\u00fcd\u00fcr. Budama ya da sulama yap\u0131lmadan, do\u011fan\u0131n ritmine b\u0131rak\u0131lm\u0131\u015f asmalarda yeti\u015fir. Kumlu ve t\u0131nl\u0131 yap\u0131ya sahip topraklar\u0131 \u00e7am ormanlar\u0131yla \u00e7evrilidir. Burunda k\u0131rm\u0131z\u0131 meyve, hibiskus ve karabiber; damakta vi\u015fne, \u00e7ay yapra\u011f\u0131 [&hellip;]<\/p>\n","protected":false},"author":1,"featured_media":0,"parent":0,"menu_order":0,"comment_status":"closed","ping_status":"closed","template":"","meta":{"_et_pb_use_builder":"on","_et_pb_old_content":"","_et_gb_content_width":"","footnotes":""},"class_list":["post-100298","page","type-page","status-publish","hentry"],"_links":{"self":[{"href":"https:\/\/neferiye.com\/en\/wp-json\/wp\/v2\/pages\/100298","targetHints":{"allow":["GET"]}}],"collection":[{"href":"https:\/\/neferiye.com\/en\/wp-json\/wp\/v2\/pages"}],"about":[{"href":"https:\/\/neferiye.com\/en\/wp-json\/wp\/v2\/types\/page"}],"author":[{"embeddable":true,"href":"https:\/\/neferiye.com\/en\/wp-json\/wp\/v2\/users\/1"}],"replies":[{"embeddable":true,"href":"https:\/\/neferiye.com\/en\/wp-json\/wp\/v2\/comments?post=100298"}],"version-history":[{"count":4,"href":"https:\/\/neferiye.com\/en\/wp-json\/wp\/v2\/pages\/100298\/revisions"}],"predecessor-version":[{"id":100305,"href":"https:\/\/neferiye.com\/en\/wp-json\/wp\/v2\/pages\/100298\/revisions\/100305"}],"wp:attachment":[{"href":"https:\/\/neferiye.com\/en\/wp-json\/wp\/v2\/media?parent=100298"}],"curies":[{"name":"wp","href":"https:\/\/api.w.org\/{rel}","templated":true}]}}