{"id":100172,"date":"2025-11-01T08:40:13","date_gmt":"2025-11-01T08:40:13","guid":{"rendered":"https:\/\/neferiye.com\/?page_id=100172"},"modified":"2025-11-04T18:13:11","modified_gmt":"2025-11-04T18:13:11","slug":"agroforestry","status":"publish","type":"page","link":"https:\/\/neferiye.com\/en\/agroforestry\/","title":{"rendered":"Agroforestry"},"content":{"rendered":"<p>[et_pb_section fb_built=&#8221;1&#8243; admin_label=&#8221;Header&#8221; _builder_version=&#8221;4.27.4&#8243; _module_preset=&#8221;default&#8221; background_color=&#8221;#000000&#8243; use_background_color_gradient=&#8221;on&#8221; background_color_gradient_stops=&#8221;rgba(0,0,0,0) 0%|#000d16 100%&#8221; background_color_gradient_overlays_image=&#8221;on&#8221; background_image=&#8221;https:\/\/neferiye.com\/wp-content\/uploads\/2025\/10\/neferiye-3.webp&#8221; custom_padding=&#8221;12%||12%||true|false&#8221; locked=&#8221;off&#8221; collapsed=&#8221;on&#8221; global_colors_info=&#8221;{}&#8221;][et_pb_row _builder_version=&#8221;4.18.0&#8243; _module_preset=&#8221;default&#8221; z_index=&#8221;1&#8243; max_width=&#8221;700px&#8221; global_colors_info=&#8221;{}&#8221;][et_pb_column type=&#8221;4_4&#8243; _builder_version=&#8221;4.18.0&#8243; _module_preset=&#8221;default&#8221; global_colors_info=&#8221;{}&#8221;][et_pb_image src=&#8221;https:\/\/neferiye.com\/wp-content\/uploads\/2025\/10\/neferiye-grapes-white.png&#8221; title_text=&#8221;neferiye-grapes-white&#8221; align=&#8221;center&#8221; _builder_version=&#8221;4.27.4&#8243; _module_preset=&#8221;default&#8221; width=&#8221;218px&#8221; max_width=&#8221;100%&#8221; custom_margin=&#8221;||30px||false|false&#8221; locked=&#8221;off&#8221; global_colors_info=&#8221;{}&#8221;][\/et_pb_image][et_pb_text _builder_version=&#8221;4.27.4&#8243; _module_preset=&#8221;c16985e1-e0d6-4022-964d-e2bfc04fa633&#8243; header_font=&#8221;Baskervville|700|||||||&#8221; header_text_color=&#8221;#FFFFFF&#8221; header_font_size=&#8221;72px&#8221; header_line_height=&#8221;1.2em&#8221; text_orientation=&#8221;center&#8221; header_font_size_tablet=&#8221;40px&#8221; header_font_size_phone=&#8221;24px&#8221; header_font_size_last_edited=&#8221;on|desktop&#8221; global_colors_info=&#8221;{}&#8221;]<\/p>\n<h1>Agroforestry<\/h1>\n<p>[\/et_pb_text][et_pb_text _builder_version=&#8221;4.27.4&#8243; _module_preset=&#8221;518880c8-46c7-4ffa-b5a6-93ffa99dcc17&#8243; text_font=&#8221;||||||||&#8221; text_text_color=&#8221;#FFFFFF&#8221; text_font_size=&#8221;18px&#8221; text_line_height=&#8221;1.6em&#8221; link_text_color=&#8221;#23CDE7&#8243; text_orientation=&#8221;center&#8221; hover_enabled=&#8221;0&#8243; text_font_size_tablet=&#8221;16px&#8221; text_font_size_phone=&#8221;14px&#8221; text_font_size_last_edited=&#8221;on|phone&#8221; global_colors_info=&#8221;{}&#8221; sticky_enabled=&#8221;0&#8243;]Orman\u0131n \u0130\u00e7inde Bir Ba\u011f[\/et_pb_text][\/et_pb_column][\/et_pb_row][\/et_pb_section][et_pb_section fb_built=&#8221;1&#8243; admin_label=&#8221;Text and image&#8221; _builder_version=&#8221;4.18.0&#8243; _module_preset=&#8221;default&#8221; locked=&#8221;off&#8221; collapsed=&#8221;on&#8221; global_colors_info=&#8221;{}&#8221;][et_pb_row column_structure=&#8221;1_2,1_2&#8243; _builder_version=&#8221;4.18.0&#8243; _module_preset=&#8221;default&#8221; global_colors_info=&#8221;{}&#8221;][et_pb_column type=&#8221;1_2&#8243; _builder_version=&#8221;4.18.0&#8243; _module_preset=&#8221;default&#8221; global_colors_info=&#8221;{}&#8221;][et_pb_text _builder_version=&#8221;4.27.4&#8243; _module_preset=&#8221;e6504a1b-67eb-4b3d-b023-bcab277610b6&#8243; header_4_font=&#8221;|700||on|||||&#8221; header_4_text_color=&#8221;gcid-562aa78e-a5cf-4717-b52e-63624589cac6&#8243; header_4_font_size=&#8221;14px&#8221; header_4_letter_spacing=&#8221;0.1em&#8221; header_4_line_height=&#8221;1.5em&#8221; custom_margin=&#8221;||0px||false|false&#8221; global_colors_info=&#8221;{%22gcid-562aa78e-a5cf-4717-b52e-63624589cac6%22:%91%22header_4_text_color%22%93}&#8221;]<\/p>\n<h4>Agroforestry<\/h4>\n<p>[\/et_pb_text][et_pb_text _builder_version=&#8221;4.27.4&#8243; _module_preset=&#8221;b327cbe4-b1d5-4b66-ad37-40c8f2f061ba&#8221; header_2_font=&#8221;|700|||||||&#8221; header_2_text_color=&#8221;gcid-heading-color&#8221; header_2_font_size=&#8221;48px&#8221; header_2_line_height=&#8221;1.35em&#8221; hover_enabled=&#8221;0&#8243; header_2_font_size_tablet=&#8221;32px&#8221; header_2_font_size_phone=&#8221;20px&#8221; header_2_font_size_last_edited=&#8221;on|desktop&#8221; global_colors_info=&#8221;{%22gcid-heading-color%22:%91%22header_2_text_color%22%93}&#8221; sticky_enabled=&#8221;0&#8243;]<\/p>\n<h2><span class=\"a_GcMg font-feature-liga-off font-feature-clig-off font-feature-calt-off text-decoration-none text-strikethrough-none\">Orman\u0131n \u0130\u00e7inde Bir Ba\u011f<\/span><\/h2>\n<p>[\/et_pb_text][\/et_pb_column][et_pb_column type=&#8221;1_2&#8243; _builder_version=&#8221;4.18.0&#8243; _module_preset=&#8221;default&#8221; global_colors_info=&#8221;{}&#8221;][et_pb_text _builder_version=&#8221;4.27.4&#8243; _module_preset=&#8221;1f09816e-184e-4ce5-a4cf-b39c52c423ca&#8221; text_font=&#8221;||||||||&#8221; text_text_color=&#8221;#000000&#8243; text_line_height=&#8221;1.8em&#8221; link_text_color=&#8221;#23CDE7&#8243; hover_enabled=&#8221;0&#8243; text_font_size_tablet=&#8221;15px&#8221; text_font_size_phone=&#8221;14px&#8221; text_font_size_last_edited=&#8221;on|phone&#8221; header_font_size_tablet=&#8221;55px&#8221; header_font_size_last_edited=&#8221;off|desktop&#8221; global_colors_info=&#8221;{}&#8221; sticky_enabled=&#8221;0&#8243;]Bodrum\u2019un y\u00fcksek da\u011f k\u00f6ylerinde, asmalar a\u011fa\u00e7lara sar\u0131larak b\u00fcy\u00fcr. \u00c7am\u0131n, me\u015fenin, zeytinin ve yabani \u00e7ile\u011fin aras\u0131nda, topra\u011f\u0131n kendi dengesine b\u0131rak\u0131lm\u0131\u015f bir ya\u015fam s\u00fcrer. \u0130\u015fte bu do\u011fal uyum, Neferiye\u2019nin \u015faraplar\u0131na e\u015fsiz bir karakter kazand\u0131r\u0131r. Do\u011fa ve insan aras\u0131ndaki s\u0131n\u0131rlar\u0131n silindi\u011fi bu d\u00fczen \u2014 y\u00fcz y\u0131llard\u0131r s\u00fcregelen agroforestry k\u00fclt\u00fcr\u00fcn\u00fcn bir devam\u0131d\u0131r.[\/et_pb_text][\/et_pb_column][\/et_pb_row][et_pb_row _builder_version=&#8221;4.18.0&#8243; _module_preset=&#8221;default&#8221; z_index=&#8221;10&#8243; global_colors_info=&#8221;{}&#8221;][et_pb_column type=&#8221;4_4&#8243; _builder_version=&#8221;4.18.0&#8243; _module_preset=&#8221;default&#8221; global_colors_info=&#8221;{}&#8221;][et_pb_image src=&#8221;https:\/\/neferiye.com\/wp-content\/uploads\/2025\/10\/agroforestry-e1761935129948.webp&#8221; title_text=&#8221;agroforestry&#8221; _builder_version=&#8221;4.27.4&#8243; _module_preset=&#8221;default&#8221; global_colors_info=&#8221;{}&#8221;][\/et_pb_image][\/et_pb_column][\/et_pb_row][\/et_pb_section][et_pb_section fb_built=&#8221;1&#8243; admin_label=&#8221;About&#8221; _builder_version=&#8221;4.18.0&#8243; _module_preset=&#8221;default&#8221; locked=&#8221;off&#8221; collapsed=&#8221;on&#8221; global_colors_info=&#8221;{}&#8221;][et_pb_row column_structure=&#8221;1_4,1_2,1_4&#8243; use_custom_gutter=&#8221;on&#8221; gutter_width=&#8221;2&#8243; make_equal=&#8221;on&#8221; _builder_version=&#8221;4.27.4&#8243; _module_preset=&#8221;default&#8221; background_color=&#8221;#FFFFFF&#8221; custom_padding=&#8221;0px||0px||true|false&#8221; box_shadow_style=&#8221;preset4&#8243; box_shadow_horizontal=&#8221;0px&#8221; box_shadow_vertical=&#8221;2px&#8221; box_shadow_blur=&#8221;60px&#8221; box_shadow_color=&#8221;rgba(6,39,58,0.15)&#8221; global_colors_info=&#8221;{}&#8221;][et_pb_column type=&#8221;1_4&#8243; _builder_version=&#8221;4.27.4&#8243; _module_preset=&#8221;default&#8221; background_image=&#8221;https:\/\/neferiye.com\/wp-content\/uploads\/2025\/10\/neferiye-3.webp&#8221; global_colors_info=&#8221;{}&#8221;][et_pb_divider show_divider=&#8221;off&#8221; _builder_version=&#8221;4.18.0&#8243; _module_preset=&#8221;default&#8221; height_tablet=&#8221;60vw&#8221; height_phone=&#8221;60vw&#8221; height_last_edited=&#8221;on|tablet&#8221; locked=&#8221;off&#8221; global_colors_info=&#8221;{}&#8221;][\/et_pb_divider][\/et_pb_column][et_pb_column type=&#8221;1_2&#8243; _builder_version=&#8221;4.18.0&#8243; _module_preset=&#8221;default&#8221; custom_padding=&#8221;60px|30px|60px|30px|true|true&#8221; custom_padding_tablet=&#8221;30px||30px||true|true&#8221; custom_padding_phone=&#8221;20px|20px|20px|20px|true|true&#8221; custom_padding_last_edited=&#8221;on|desktop&#8221; global_colors_info=&#8221;{}&#8221;][et_pb_text _builder_version=&#8221;4.27.4&#8243; _module_preset=&#8221;e6504a1b-67eb-4b3d-b023-bcab277610b6&#8243; header_4_font=&#8221;Baskervville|700||on|||||&#8221; header_4_text_color=&#8221;gcid-eadae62d-9be3-4afb-b2dd-2526074bdbe3&#8243; header_4_font_size=&#8221;14px&#8221; header_4_letter_spacing=&#8221;0.1em&#8221; header_4_line_height=&#8221;1.5em&#8221; text_orientation=&#8221;center&#8221; custom_margin=&#8221;||0px||false|false&#8221; hover_enabled=&#8221;0&#8243; global_colors_info=&#8221;{%22gcid-eadae62d-9be3-4afb-b2dd-2526074bdbe3%22:%91%22header_4_text_color%22%93}&#8221; sticky_enabled=&#8221;0&#8243;]<\/p>\n<h4>Antik Asmalar<\/h4>\n<p>[\/et_pb_text][et_pb_text _builder_version=&#8221;4.27.4&#8243; _module_preset=&#8221;b327cbe4-b1d5-4b66-ad37-40c8f2f061ba&#8221; header_2_font=&#8221;Baskervville|700|||||||&#8221; header_2_text_color=&#8221;gcid-heading-color&#8221; header_2_font_size=&#8221;48px&#8221; header_2_line_height=&#8221;1.35em&#8221; text_orientation=&#8221;center&#8221; hover_enabled=&#8221;0&#8243; header_2_font_size_tablet=&#8221;32px&#8221; header_2_font_size_phone=&#8221;20px&#8221; header_2_font_size_last_edited=&#8221;on|desktop&#8221; global_colors_info=&#8221;{%22gcid-heading-color%22:%91%22header_2_text_color%22%93}&#8221; sticky_enabled=&#8221;0&#8243;]<\/p>\n<h2><span class=\"a_GcMg font-feature-liga-off font-feature-clig-off font-feature-calt-off text-decoration-none text-strikethrough-none\">Do\u011fayla Birlikte, Onun Yerine De\u011fil<\/span><\/h2>\n<p>[\/et_pb_text][et_pb_text _builder_version=&#8221;4.27.4&#8243; _module_preset=&#8221;1f09816e-184e-4ce5-a4cf-b39c52c423ca&#8221; text_font=&#8221;Baskervville||||||||&#8221; text_text_color=&#8221;#000000&#8243; text_line_height=&#8221;1.8em&#8221; link_text_color=&#8221;#23CDE7&#8243; text_orientation=&#8221;center&#8221; hover_enabled=&#8221;0&#8243; text_font_size_tablet=&#8221;15px&#8221; text_font_size_phone=&#8221;14px&#8221; text_font_size_last_edited=&#8221;on|phone&#8221; header_font_size_tablet=&#8221;55px&#8221; header_font_size_last_edited=&#8221;off|desktop&#8221; global_colors_info=&#8221;{}&#8221; sticky_enabled=&#8221;0&#8243;]Neferiye\u2019nin ba\u011flar\u0131 klasik bir tar\u0131m alan\u0131 de\u011fil; \u00e7am, me\u015fe ve melenge\u00e7 a\u011fa\u00e7lar\u0131 aras\u0131nda, do\u011fan\u0131n kendi d\u00fczeniyle var olur. Asmalar a\u011fa\u00e7lara sar\u0131l\u0131r, denizden gelen tuz r\u00fczg\u00e2rla dallara ta\u015f\u0131n\u0131r, orman topra\u011f\u0131 k\u00f6klere denge verir. Bu \u00e7ok katmanl\u0131 ekosistem, agroforestry anlay\u0131\u015f\u0131n\u0131n ya\u015fayan bir \u00f6rne\u011fidir \u2014 a\u011fa\u00e7lar, bitkiler ve \u00fcz\u00fcm aras\u0131nda uyumlu bir d\u00f6ng\u00fc olu\u015fur.<\/p>\n<p>Budama ya da sulama yap\u0131lmadan, kendi do\u011fall\u0131\u011f\u0131nda geli\u015fen asmalar; \u00e7am re\u00e7inesi, yabani \u00e7i\u00e7ek ve orman topra\u011f\u0131n\u0131n izlerini ta\u015f\u0131r. Bu y\u00fczden Neferiye\u2019nin \u015faraplar\u0131nda yaln\u0131zca \u00fcz\u00fcm\u00fcn de\u011fil, b\u00fct\u00fcn bir orman\u0131n haf\u0131zas\u0131 vard\u0131r.<\/p>\n<p>Agroforestry bizim i\u00e7in yaln\u0131zca bir y\u00f6ntem de\u011fil, bir ya\u015fam bi\u00e7imi. Topra\u011fa sayg\u0131 duyarak, a\u011fac\u0131n g\u00f6lgesini ve r\u00fczgar\u0131n y\u00f6n\u00fcn\u00fc hesaba katarak \u00fcretmek; Neferiye\u2019nin do\u011fall\u0131\u011f\u0131n\u0131n ve s\u00fcrd\u00fcr\u00fclebilirli\u011finin temelidir.[\/et_pb_text][\/et_pb_column][et_pb_column type=&#8221;1_4&#8243; _builder_version=&#8221;4.27.4&#8243; _module_preset=&#8221;default&#8221; background_image=&#8221;https:\/\/neferiye.com\/wp-content\/uploads\/2025\/10\/neferiye-6.webp&#8221; global_colors_info=&#8221;{}&#8221;][et_pb_divider show_divider=&#8221;off&#8221; _builder_version=&#8221;4.18.0&#8243; _module_preset=&#8221;default&#8221; height_tablet=&#8221;60vw&#8221; height_phone=&#8221;60vw&#8221; height_last_edited=&#8221;on|tablet&#8221; global_colors_info=&#8221;{}&#8221;][\/et_pb_divider][\/et_pb_column][\/et_pb_row][\/et_pb_section]<\/p>\n","protected":false},"excerpt":{"rendered":"<p>AgroforestryOrman\u0131n \u0130\u00e7inde Bir Ba\u011fAgroforestryOrman\u0131n \u0130\u00e7inde Bir Ba\u011fBodrum\u2019un y\u00fcksek da\u011f k\u00f6ylerinde, asmalar a\u011fa\u00e7lara sar\u0131larak b\u00fcy\u00fcr. \u00c7am\u0131n, me\u015fenin, zeytinin ve yabani \u00e7ile\u011fin aras\u0131nda, topra\u011f\u0131n kendi dengesine b\u0131rak\u0131lm\u0131\u015f bir ya\u015fam s\u00fcrer. \u0130\u015fte bu do\u011fal uyum, Neferiye\u2019nin \u015faraplar\u0131na e\u015fsiz bir karakter kazand\u0131r\u0131r. Do\u011fa ve insan aras\u0131ndaki s\u0131n\u0131rlar\u0131n silindi\u011fi bu d\u00fczen \u2014 y\u00fcz y\u0131llard\u0131r s\u00fcregelen agroforestry k\u00fclt\u00fcr\u00fcn\u00fcn bir devam\u0131d\u0131r.Antik AsmalarDo\u011fayla [&hellip;]<\/p>\n","protected":false},"author":1,"featured_media":0,"parent":0,"menu_order":0,"comment_status":"closed","ping_status":"closed","template":"","meta":{"_et_pb_use_builder":"on","_et_pb_old_content":"","_et_gb_content_width":"","footnotes":""},"class_list":["post-100172","page","type-page","status-publish","hentry"],"_links":{"self":[{"href":"https:\/\/neferiye.com\/en\/wp-json\/wp\/v2\/pages\/100172","targetHints":{"allow":["GET"]}}],"collection":[{"href":"https:\/\/neferiye.com\/en\/wp-json\/wp\/v2\/pages"}],"about":[{"href":"https:\/\/neferiye.com\/en\/wp-json\/wp\/v2\/types\/page"}],"author":[{"embeddable":true,"href":"https:\/\/neferiye.com\/en\/wp-json\/wp\/v2\/users\/1"}],"replies":[{"embeddable":true,"href":"https:\/\/neferiye.com\/en\/wp-json\/wp\/v2\/comments?post=100172"}],"version-history":[{"count":5,"href":"https:\/\/neferiye.com\/en\/wp-json\/wp\/v2\/pages\/100172\/revisions"}],"predecessor-version":[{"id":100365,"href":"https:\/\/neferiye.com\/en\/wp-json\/wp\/v2\/pages\/100172\/revisions\/100365"}],"wp:attachment":[{"href":"https:\/\/neferiye.com\/en\/wp-json\/wp\/v2\/media?parent=100172"}],"curies":[{"name":"wp","href":"https:\/\/api.w.org\/{rel}","templated":true}]}}