{"id":100165,"date":"2025-11-01T08:40:13","date_gmt":"2025-11-01T08:40:13","guid":{"rendered":"https:\/\/neferiye.com\/?page_id=100165"},"modified":"2025-11-02T18:01:59","modified_gmt":"2025-11-02T18:01:59","slug":"ak-uzum","status":"publish","type":"page","link":"https:\/\/neferiye.com\/en\/ak-uzum\/","title":{"rendered":"Ak \u00dcz\u00fcm"},"content":{"rendered":"<p>[et_pb_section fb_built=&#8221;1&#8243; admin_label=&#8221;Header&#8221; _builder_version=&#8221;4.27.4&#8243; _module_preset=&#8221;default&#8221; background_color=&#8221;#000000&#8243; use_background_color_gradient=&#8221;on&#8221; background_color_gradient_stops=&#8221;rgba(0,0,0,0) 0%|#000d16 100%&#8221; background_color_gradient_overlays_image=&#8221;on&#8221; background_image=&#8221;https:\/\/neferiye.com\/wp-content\/uploads\/2025\/10\/neferiye-26.webp&#8221; custom_padding=&#8221;12%||12%||true|false&#8221; locked=&#8221;off&#8221; collapsed=&#8221;on&#8221; global_colors_info=&#8221;{}&#8221;][et_pb_row _builder_version=&#8221;4.18.0&#8243; _module_preset=&#8221;default&#8221; z_index=&#8221;1&#8243; max_width=&#8221;700px&#8221; global_colors_info=&#8221;{}&#8221;][et_pb_column type=&#8221;4_4&#8243; _builder_version=&#8221;4.18.0&#8243; _module_preset=&#8221;default&#8221; global_colors_info=&#8221;{}&#8221;][et_pb_image src=&#8221;https:\/\/neferiye.com\/wp-content\/uploads\/2025\/10\/neferiye-grapes-white.png&#8221; title_text=&#8221;neferiye-grapes-white&#8221; align=&#8221;center&#8221; _builder_version=&#8221;4.27.4&#8243; _module_preset=&#8221;default&#8221; width=&#8221;218px&#8221; max_width=&#8221;100%&#8221; custom_margin=&#8221;||30px||false|false&#8221; locked=&#8221;off&#8221; global_colors_info=&#8221;{}&#8221;][\/et_pb_image][et_pb_text _builder_version=&#8221;4.27.4&#8243; _module_preset=&#8221;c16985e1-e0d6-4022-964d-e2bfc04fa633&#8243; header_font=&#8221;Baskervville|700|||||||&#8221; header_text_color=&#8221;#FFFFFF&#8221; header_font_size=&#8221;72px&#8221; header_line_height=&#8221;1.2em&#8221; text_orientation=&#8221;center&#8221; header_font_size_tablet=&#8221;40px&#8221; header_font_size_phone=&#8221;24px&#8221; header_font_size_last_edited=&#8221;on|desktop&#8221; global_colors_info=&#8221;{}&#8221;]<\/p>\n<h1>Ak \u00dcz\u00fcm<\/h1>\n<p>[\/et_pb_text][et_pb_text _builder_version=&#8221;4.27.4&#8243; _module_preset=&#8221;518880c8-46c7-4ffa-b5a6-93ffa99dcc17&#8243; text_font=&#8221;||||||||&#8221; text_text_color=&#8221;#FFFFFF&#8221; text_font_size=&#8221;18px&#8221; text_line_height=&#8221;1.6em&#8221; link_text_color=&#8221;#23CDE7&#8243; text_orientation=&#8221;center&#8221; hover_enabled=&#8221;0&#8243; text_font_size_tablet=&#8221;16px&#8221; text_font_size_phone=&#8221;14px&#8221; text_font_size_last_edited=&#8221;on|phone&#8221; global_colors_info=&#8221;{}&#8221; sticky_enabled=&#8221;0&#8243;]<\/p>\n<p><span class=\"a_GcMg font-feature-liga-off font-feature-clig-off font-feature-calt-off text-decoration-none text-strikethrough-none\">I\u015f\u0131\u011f\u0131n izinden gelen beyaz zarafet.<\/span><\/p>\n<p>[\/et_pb_text][\/et_pb_column][\/et_pb_row][\/et_pb_section][et_pb_section fb_built=&#8221;1&#8243; admin_label=&#8221;About&#8221; _builder_version=&#8221;4.18.0&#8243; _module_preset=&#8221;default&#8221; locked=&#8221;off&#8221; collapsed=&#8221;on&#8221; global_colors_info=&#8221;{}&#8221;][et_pb_row column_structure=&#8221;1_4,1_2,1_4&#8243; use_custom_gutter=&#8221;on&#8221; gutter_width=&#8221;2&#8243; make_equal=&#8221;on&#8221; _builder_version=&#8221;4.27.4&#8243; _module_preset=&#8221;default&#8221; background_color=&#8221;#FFFFFF&#8221; custom_padding=&#8221;0px||0px||true|false&#8221; box_shadow_style=&#8221;preset4&#8243; box_shadow_horizontal=&#8221;0px&#8221; box_shadow_vertical=&#8221;2px&#8221; box_shadow_blur=&#8221;60px&#8221; box_shadow_color=&#8221;rgba(6,39,58,0.15)&#8221; global_colors_info=&#8221;{}&#8221;][et_pb_column type=&#8221;1_4&#8243; _builder_version=&#8221;4.27.4&#8243; _module_preset=&#8221;default&#8221; background_image=&#8221;https:\/\/neferiye.com\/wp-content\/uploads\/2025\/10\/neferiye-24.webp&#8221; background_position=&#8221;center_left&#8221; global_colors_info=&#8221;{}&#8221;][et_pb_divider show_divider=&#8221;off&#8221; _builder_version=&#8221;4.18.0&#8243; _module_preset=&#8221;default&#8221; height_tablet=&#8221;60vw&#8221; height_phone=&#8221;60vw&#8221; height_last_edited=&#8221;on|tablet&#8221; locked=&#8221;off&#8221; global_colors_info=&#8221;{}&#8221;][\/et_pb_divider][\/et_pb_column][et_pb_column type=&#8221;1_2&#8243; _builder_version=&#8221;4.18.0&#8243; _module_preset=&#8221;default&#8221; custom_padding=&#8221;60px|30px|60px|30px|true|true&#8221; custom_padding_tablet=&#8221;30px||30px||true|true&#8221; custom_padding_phone=&#8221;20px|20px|20px|20px|true|true&#8221; custom_padding_last_edited=&#8221;on|desktop&#8221; global_colors_info=&#8221;{}&#8221;][et_pb_text _builder_version=&#8221;4.27.4&#8243; _module_preset=&#8221;e6504a1b-67eb-4b3d-b023-bcab277610b6&#8243; header_4_font=&#8221;Baskervville|700||on|||||&#8221; header_4_text_color=&#8221;gcid-eadae62d-9be3-4afb-b2dd-2526074bdbe3&#8243; header_4_font_size=&#8221;14px&#8221; header_4_letter_spacing=&#8221;0.1em&#8221; header_4_line_height=&#8221;1.5em&#8221; text_orientation=&#8221;center&#8221; custom_margin=&#8221;||0px||false|false&#8221; global_colors_info=&#8221;{%22gcid-eadae62d-9be3-4afb-b2dd-2526074bdbe3%22:%91%22header_4_text_color%22%93}&#8221;]<\/p>\n<h4>Ak \u00dcz\u00fcm<\/h4>\n<p>[\/et_pb_text][et_pb_text _builder_version=&#8221;4.27.4&#8243; _module_preset=&#8221;b327cbe4-b1d5-4b66-ad37-40c8f2f061ba&#8221; header_2_font=&#8221;Baskervville|700|||||||&#8221; header_2_text_color=&#8221;gcid-heading-color&#8221; header_2_font_size=&#8221;48px&#8221; header_2_line_height=&#8221;1.35em&#8221; text_orientation=&#8221;center&#8221; hover_enabled=&#8221;0&#8243; header_2_font_size_tablet=&#8221;32px&#8221; header_2_font_size_phone=&#8221;20px&#8221; header_2_font_size_last_edited=&#8221;on|desktop&#8221; global_colors_info=&#8221;{%22gcid-heading-color%22:%91%22header_2_text_color%22%93}&#8221; sticky_enabled=&#8221;0&#8243;]<\/p>\n<h2>I\u015f\u0131\u011f\u0131n izinden gelen beyaz zarafet.<\/h2>\n<p>[\/et_pb_text][et_pb_text _builder_version=&#8221;4.27.4&#8243; _module_preset=&#8221;1f09816e-184e-4ce5-a4cf-b39c52c423ca&#8221; text_font=&#8221;Baskervville||||||||&#8221; text_text_color=&#8221;#000000&#8243; text_line_height=&#8221;1.8em&#8221; link_text_color=&#8221;#23CDE7&#8243; text_orientation=&#8221;center&#8221; hover_enabled=&#8221;0&#8243; text_font_size_tablet=&#8221;15px&#8221; text_font_size_phone=&#8221;14px&#8221; text_font_size_last_edited=&#8221;on|phone&#8221; header_font_size_tablet=&#8221;55px&#8221; header_font_size_last_edited=&#8221;off|desktop&#8221; global_colors_info=&#8221;{}&#8221; sticky_enabled=&#8221;0&#8243;]Ak \u00dcz\u00fcm, Bodrum\u2019un y\u00fcksek rak\u0131ml\u0131 da\u011f k\u00f6ylerinde, \u00e7am ve me\u015fe a\u011fa\u00e7lar\u0131n\u0131n g\u00f6lgesinde, hi\u00e7bir m\u00fcdahale olmadan yeti\u015fen eski asmalardan toplan\u0131r. Deniz seviyesinden 900 metre y\u00fckseklikte, g\u00fcnd\u00fcz s\u0131cak, gece ayazl\u0131 bir iklime sahiptir. \u00dcz\u00fcmler ge\u00e7 hasat edilir, do\u011fan\u0131n sundu\u011fu ritim korunur.<\/p>\n<p>Burunda defne yapra\u011f\u0131, sar\u0131 \u00e7i\u00e7ek ve narenciye notalar\u0131; damakta mineral, olgun meyve kabu\u011fu ve hafif tuzluluk dengesi \u00f6ne \u00e7\u0131kar. Y\u00fcksek asitli, orta g\u00f6vdeli ve uzun biti\u015fli yap\u0131s\u0131yla, Neferiye\u2019nin en saf do\u011fall\u0131\u011f\u0131n\u0131 temsil eder.<\/p>\n<p>Rak\u0131m: 900 m<br \/>\nToprak: Kumlu, t\u0131nl\u0131, \u00e7ak\u0131ll\u0131, alt\u0131nda kil tabakas\u0131<br \/>\nHasat: Ekim sonu<br \/>\npH: 3.0\u20133.2<br \/>\nAlkol: %12\u201312.8<br \/>\nTanen: Orta-alt\u0131<br \/>\nAsit: Orta-y\u00fcksek<br \/>\nRenk: Sar\u0131mt\u0131rak, orta b\u00fcy\u00fckl\u00fckte taneler<br \/>\n[\/et_pb_text][\/et_pb_column][et_pb_column type=&#8221;1_4&#8243; _builder_version=&#8221;4.27.4&#8243; _module_preset=&#8221;default&#8221; background_image=&#8221;https:\/\/neferiye.com\/wp-content\/uploads\/2025\/10\/ak-uzum-2.webp&#8221; background_position=&#8221;center_left&#8221; background_horizontal_offset=&#8221;82%&#8221; global_colors_info=&#8221;{}&#8221;][et_pb_divider show_divider=&#8221;off&#8221; _builder_version=&#8221;4.18.0&#8243; _module_preset=&#8221;default&#8221; height_tablet=&#8221;60vw&#8221; height_phone=&#8221;60vw&#8221; height_last_edited=&#8221;on|tablet&#8221; global_colors_info=&#8221;{}&#8221;][\/et_pb_divider][\/et_pb_column][\/et_pb_row][\/et_pb_section]<\/p>\n","protected":false},"excerpt":{"rendered":"<p>Ak \u00dcz\u00fcmI\u015f\u0131\u011f\u0131n izinden gelen beyaz zarafet.Ak \u00dcz\u00fcmI\u015f\u0131\u011f\u0131n izinden gelen beyaz zarafet.Ak \u00dcz\u00fcm, Bodrum\u2019un y\u00fcksek rak\u0131ml\u0131 da\u011f k\u00f6ylerinde, \u00e7am ve me\u015fe a\u011fa\u00e7lar\u0131n\u0131n g\u00f6lgesinde, hi\u00e7bir m\u00fcdahale olmadan yeti\u015fen eski asmalardan toplan\u0131r. Deniz seviyesinden 900 metre y\u00fckseklikte, g\u00fcnd\u00fcz s\u0131cak, gece ayazl\u0131 bir iklime sahiptir. \u00dcz\u00fcmler ge\u00e7 hasat edilir, do\u011fan\u0131n sundu\u011fu ritim korunur. Burunda defne yapra\u011f\u0131, sar\u0131 \u00e7i\u00e7ek ve [&hellip;]<\/p>\n","protected":false},"author":1,"featured_media":0,"parent":0,"menu_order":0,"comment_status":"closed","ping_status":"closed","template":"","meta":{"_et_pb_use_builder":"on","_et_pb_old_content":"","_et_gb_content_width":"","footnotes":""},"class_list":["post-100165","page","type-page","status-publish","hentry"],"_links":{"self":[{"href":"https:\/\/neferiye.com\/en\/wp-json\/wp\/v2\/pages\/100165","targetHints":{"allow":["GET"]}}],"collection":[{"href":"https:\/\/neferiye.com\/en\/wp-json\/wp\/v2\/pages"}],"about":[{"href":"https:\/\/neferiye.com\/en\/wp-json\/wp\/v2\/types\/page"}],"author":[{"embeddable":true,"href":"https:\/\/neferiye.com\/en\/wp-json\/wp\/v2\/users\/1"}],"replies":[{"embeddable":true,"href":"https:\/\/neferiye.com\/en\/wp-json\/wp\/v2\/comments?post=100165"}],"version-history":[{"count":5,"href":"https:\/\/neferiye.com\/en\/wp-json\/wp\/v2\/pages\/100165\/revisions"}],"predecessor-version":[{"id":100297,"href":"https:\/\/neferiye.com\/en\/wp-json\/wp\/v2\/pages\/100165\/revisions\/100297"}],"wp:attachment":[{"href":"https:\/\/neferiye.com\/en\/wp-json\/wp\/v2\/media?parent=100165"}],"curies":[{"name":"wp","href":"https:\/\/api.w.org\/{rel}","templated":true}]}}