{"id":100108,"date":"2025-11-01T08:40:13","date_gmt":"2025-11-01T08:40:13","guid":{"rendered":"https:\/\/neferiye.com\/?page_id=100108"},"modified":"2025-11-02T18:00:50","modified_gmt":"2025-11-02T18:00:50","slug":"uzumler","status":"publish","type":"page","link":"https:\/\/neferiye.com\/en\/uzumler\/","title":{"rendered":"\u00dcz\u00fcmler"},"content":{"rendered":"<p>[et_pb_section fb_built=&#8221;1&#8243; admin_label=&#8221;Header&#8221; _builder_version=&#8221;4.27.4&#8243; _module_preset=&#8221;default&#8221; background_color=&#8221;#000000&#8243; use_background_color_gradient=&#8221;on&#8221; background_color_gradient_stops=&#8221;rgba(0,0,0,0) 0%|#000d16 100%&#8221; background_color_gradient_overlays_image=&#8221;on&#8221; background_image=&#8221;https:\/\/neferiye.com\/wp-content\/uploads\/2025\/10\/neferiye-18.webp&#8221; custom_padding=&#8221;12%||12%||true|false&#8221; locked=&#8221;off&#8221; collapsed=&#8221;on&#8221; global_colors_info=&#8221;{}&#8221;][et_pb_row _builder_version=&#8221;4.18.0&#8243; _module_preset=&#8221;default&#8221; z_index=&#8221;1&#8243; max_width=&#8221;700px&#8221; global_colors_info=&#8221;{}&#8221;][et_pb_column type=&#8221;4_4&#8243; _builder_version=&#8221;4.18.0&#8243; _module_preset=&#8221;default&#8221; global_colors_info=&#8221;{}&#8221;][et_pb_image src=&#8221;https:\/\/neferiye.com\/wp-content\/uploads\/2025\/10\/neferiye-grapes-white.png&#8221; title_text=&#8221;neferiye-grapes-white&#8221; align=&#8221;center&#8221; _builder_version=&#8221;4.27.4&#8243; _module_preset=&#8221;default&#8221; width=&#8221;218px&#8221; max_width=&#8221;100%&#8221; custom_margin=&#8221;||30px||false|false&#8221; locked=&#8221;off&#8221; global_colors_info=&#8221;{}&#8221;][\/et_pb_image][et_pb_text _builder_version=&#8221;4.27.4&#8243; _module_preset=&#8221;c16985e1-e0d6-4022-964d-e2bfc04fa633&#8243; header_font=&#8221;Baskervville|700|||||||&#8221; header_text_color=&#8221;#FFFFFF&#8221; header_font_size=&#8221;72px&#8221; header_line_height=&#8221;1.2em&#8221; text_orientation=&#8221;center&#8221; header_font_size_tablet=&#8221;40px&#8221; header_font_size_phone=&#8221;24px&#8221; header_font_size_last_edited=&#8221;on|desktop&#8221; global_colors_info=&#8221;{}&#8221;]<\/p>\n<h1>\u00dcz\u00fcmler<\/h1>\n<p>[\/et_pb_text][et_pb_text _builder_version=&#8221;4.27.4&#8243; _module_preset=&#8221;518880c8-46c7-4ffa-b5a6-93ffa99dcc17&#8243; text_font=&#8221;||||||||&#8221; text_text_color=&#8221;#FFFFFF&#8221; text_font_size=&#8221;18px&#8221; text_line_height=&#8221;1.6em&#8221; link_text_color=&#8221;#23CDE7&#8243; text_orientation=&#8221;center&#8221; hover_enabled=&#8221;0&#8243; text_font_size_tablet=&#8221;16px&#8221; text_font_size_phone=&#8221;14px&#8221; text_font_size_last_edited=&#8221;on|phone&#8221; global_colors_info=&#8221;{}&#8221; sticky_enabled=&#8221;0&#8243;]Bodrum\u2019un da\u011f k\u00f6ylerinden gelen \u00fc\u00e7 karakter, ayn\u0131 topra\u011f\u0131n farkl\u0131 hik\u00e2yeleri.[\/et_pb_text][\/et_pb_column][\/et_pb_row][\/et_pb_section][et_pb_section fb_built=&#8221;1&#8243; admin_label=&#8221;Services&#8221; _builder_version=&#8221;4.27.4&#8243; _module_preset=&#8221;default&#8221; background_enable_image=&#8221;off&#8221; background_size=&#8221;custom&#8221; background_position=&#8221;top_center&#8221; background_last_edited=&#8221;on|tablet&#8221; background_image_width_tablet=&#8221;170%&#8221; collapsed=&#8221;on&#8221; global_colors_info=&#8221;{}&#8221;][et_pb_row _builder_version=&#8221;4.18.0&#8243; _module_preset=&#8221;default&#8221; custom_padding=&#8221;||0px||false|false&#8221; global_colors_info=&#8221;{}&#8221;][et_pb_column type=&#8221;4_4&#8243; _builder_version=&#8221;4.18.0&#8243; _module_preset=&#8221;default&#8221; global_colors_info=&#8221;{}&#8221;][et_pb_text _builder_version=&#8221;4.27.4&#8243; _module_preset=&#8221;b327cbe4-b1d5-4b66-ad37-40c8f2f061ba&#8221; header_2_font=&#8221;Baskervville|700|||||||&#8221; header_2_text_color=&#8221;gcid-heading-color&#8221; header_2_font_size=&#8221;48px&#8221; header_2_line_height=&#8221;1.35em&#8221; text_orientation=&#8221;center&#8221; hover_enabled=&#8221;0&#8243; header_2_font_size_tablet=&#8221;32px&#8221; header_2_font_size_phone=&#8221;20px&#8221; header_2_font_size_last_edited=&#8221;on|desktop&#8221; global_colors_info=&#8221;{%22gcid-heading-color%22:%91%22header_2_text_color%22%93}&#8221; sticky_enabled=&#8221;0&#8243;]<\/p>\n<h2>Bodrum\u2019un da\u011f k\u00f6ylerinden gelen \u00fc\u00e7 karakter, ayn\u0131 topra\u011f\u0131n farkl\u0131 hik\u00e2yeleri.<\/h2>\n<p>[\/et_pb_text][\/et_pb_column][\/et_pb_row][et_pb_row custom_padding_last_edited=&#8221;on|desktop&#8221; _builder_version=&#8221;4.18.0&#8243; _module_preset=&#8221;default&#8221; background_color=&#8221;#FFFFFF&#8221; custom_padding=&#8221;40px|40px|40px|40px|true|true&#8221; custom_padding_tablet=&#8221;30px|30px|30px|30px|true|true&#8221; custom_padding_phone=&#8221;20px|20px|20px|20px|true|true&#8221; box_shadow_style=&#8221;preset4&#8243; box_shadow_horizontal=&#8221;0px&#8221; box_shadow_vertical=&#8221;2px&#8221; box_shadow_blur=&#8221;60px&#8221; box_shadow_color=&#8221;rgba(6,39,58,0.15)&#8221; global_colors_info=&#8221;{}&#8221;][et_pb_column type=&#8221;4_4&#8243; _builder_version=&#8221;4.18.0&#8243; _module_preset=&#8221;default&#8221; global_colors_info=&#8221;{}&#8221;][et_pb_text _builder_version=&#8221;4.27.4&#8243; _module_preset=&#8221;1f09816e-184e-4ce5-a4cf-b39c52c423ca&#8221; text_font=&#8221;||||||||&#8221; text_text_color=&#8221;#000000&#8243; text_line_height=&#8221;1.8em&#8221; link_text_color=&#8221;#23CDE7&#8243; text_orientation=&#8221;center&#8221; hover_enabled=&#8221;0&#8243; text_font_size_tablet=&#8221;15px&#8221; text_font_size_phone=&#8221;14px&#8221; text_font_size_last_edited=&#8221;on|phone&#8221; header_font_size_tablet=&#8221;55px&#8221; header_font_size_last_edited=&#8221;off|desktop&#8221; global_colors_info=&#8221;{}&#8221; sticky_enabled=&#8221;0&#8243;]Her biri r\u00fczg\u00e2r\u0131n, tuzun ve g\u00fcne\u015fin izini ta\u015f\u0131r; y\u00fczy\u0131llard\u0131r s\u00fcregelen bir ba\u011f\u0131n, do\u011fayla kurdu\u011fu sessiz sohbetin miras\u00e7\u0131lar\u0131d\u0131r.[\/et_pb_text][\/et_pb_column][\/et_pb_row][et_pb_row column_structure=&#8221;1_3,1_3,1_3&#8243; make_equal=&#8221;on&#8221; _builder_version=&#8221;4.27.4&#8243; _module_preset=&#8221;default&#8221; min_height=&#8221;450px&#8221; locked=&#8221;off&#8221; global_colors_info=&#8221;{}&#8221;][et_pb_column type=&#8221;1_3&#8243; _builder_version=&#8221;4.27.4&#8243; _module_preset=&#8221;default&#8221; background_color=&#8221;RGBA(255,255,255,0)&#8221; use_background_color_gradient=&#8221;on&#8221; background_color_gradient_stops=&#8221;rgba(0,0,0,0.3) 0%|rgba(0,0,0,0.6) 100%&#8221; background_color_gradient_overlays_image=&#8221;on&#8221; background_image=&#8221;https:\/\/neferiye.com\/wp-content\/uploads\/2025\/10\/neferiye-25.webp&#8221; custom_padding=&#8221;40px|40px|40px|40px|true|true&#8221; custom_padding_tablet=&#8221;30px|30px|30px|30px|true|true&#8221; custom_padding_phone=&#8221;20px|20px|20px|20px|true|true&#8221; custom_padding_last_edited=&#8221;on|desktop&#8221; custom_css_main_element=&#8221;display: flex;||flex-direction: column;||justify-content: flex-end;&#8221; box_shadow_style=&#8221;preset4&#8243; box_shadow_horizontal=&#8221;0px&#8221; box_shadow_vertical=&#8221;20px&#8221; box_shadow_blur=&#8221;60px&#8221; box_shadow_color=&#8221;rgba(6,39,58,0.15)&#8221; global_colors_info=&#8221;{}&#8221;][et_pb_text _builder_version=&#8221;4.27.4&#8243; _module_preset=&#8221;4827deed-2a92-4d97-a22f-f01067ae6873&#8243; header_font=&#8221;||||||||&#8221; header_4_font=&#8221;Baskervville|700|||||||&#8221; header_4_text_color=&#8221;#FFFFFF&#8221; header_4_font_size=&#8221;20px&#8221; header_4_line_height=&#8221;1.5em&#8221; text_orientation=&#8221;center&#8221; custom_margin=&#8221;||0px||false|false&#8221; header_4_font_size_tablet=&#8221;16px&#8221; header_4_font_size_phone=&#8221;14px&#8221; header_4_font_size_last_edited=&#8221;on|tablet&#8221; global_colors_info=&#8221;{}&#8221;]<\/p>\n<h4>Pan\u0131k<\/h4>\n<p>[\/et_pb_text][et_pb_text _builder_version=&#8221;4.27.4&#8243; _module_preset=&#8221;1f09816e-184e-4ce5-a4cf-b39c52c423ca&#8221; text_font=&#8221;||||||||&#8221; text_text_color=&#8221;#FFFFFF&#8221; text_line_height=&#8221;1.8em&#8221; link_text_color=&#8221;#23CDE7&#8243; text_orientation=&#8221;center&#8221; text_font_size_tablet=&#8221;15px&#8221; text_font_size_phone=&#8221;14px&#8221; text_font_size_last_edited=&#8221;on|phone&#8221; header_font_size_tablet=&#8221;55px&#8221; header_font_size_last_edited=&#8221;off|desktop&#8221; global_colors_info=&#8221;{}&#8221;]Y\u00fcksek da\u011f k\u00f6ylerinin narin ama diren\u00e7li \u00e7ocu\u011fu.[\/et_pb_text][\/et_pb_column][et_pb_column type=&#8221;1_3&#8243; _builder_version=&#8221;4.27.4&#8243; _module_preset=&#8221;default&#8221; background_color=&#8221;RGBA(255,255,255,0)&#8221; use_background_color_gradient=&#8221;on&#8221; background_color_gradient_stops=&#8221;rgba(0,0,0,0.3) 0%|rgba(0,0,0,0.6) 100%&#8221; background_color_gradient_overlays_image=&#8221;on&#8221; background_image=&#8221;https:\/\/neferiye.com\/wp-content\/uploads\/2025\/10\/neferiye-5.webp&#8221; custom_padding=&#8221;40px|40px|40px|40px|true|true&#8221; custom_padding_tablet=&#8221;30px|30px|30px|30px|true|true&#8221; custom_padding_phone=&#8221;20px|20px|20px|20px|true|true&#8221; custom_padding_last_edited=&#8221;on|desktop&#8221; custom_css_main_element=&#8221;display: flex;||flex-direction: column;||justify-content: flex-end;&#8221; box_shadow_style=&#8221;preset4&#8243; box_shadow_horizontal=&#8221;0px&#8221; box_shadow_vertical=&#8221;20px&#8221; box_shadow_blur=&#8221;60px&#8221; box_shadow_color=&#8221;rgba(6,39,58,0.15)&#8221; global_colors_info=&#8221;{}&#8221;][et_pb_text _builder_version=&#8221;4.27.4&#8243; _module_preset=&#8221;4827deed-2a92-4d97-a22f-f01067ae6873&#8243; header_font=&#8221;||||||||&#8221; header_4_font=&#8221;Baskervville|700|||||||&#8221; header_4_text_color=&#8221;#FFFFFF&#8221; header_4_font_size=&#8221;20px&#8221; header_4_line_height=&#8221;1.5em&#8221; text_orientation=&#8221;center&#8221; custom_margin=&#8221;||0px||false|false&#8221; header_4_font_size_tablet=&#8221;16px&#8221; header_4_font_size_phone=&#8221;14px&#8221; header_4_font_size_last_edited=&#8221;on|tablet&#8221; global_colors_info=&#8221;{}&#8221;]<\/p>\n<h4>Kanl\u0131kara<\/h4>\n<p>[\/et_pb_text][et_pb_text _builder_version=&#8221;4.27.4&#8243; _module_preset=&#8221;1f09816e-184e-4ce5-a4cf-b39c52c423ca&#8221; text_font=&#8221;||||||||&#8221; text_text_color=&#8221;#FFFFFF&#8221; text_line_height=&#8221;1.8em&#8221; link_text_color=&#8221;#23CDE7&#8243; text_orientation=&#8221;center&#8221; text_font_size_tablet=&#8221;15px&#8221; text_font_size_phone=&#8221;14px&#8221; text_font_size_last_edited=&#8221;on|phone&#8221; header_font_size_tablet=&#8221;55px&#8221; header_font_size_last_edited=&#8221;off|desktop&#8221; global_colors_info=&#8221;{}&#8221;]<\/p>\n<p><span class=\"a_GcMg font-feature-liga-off font-feature-clig-off font-feature-calt-off text-decoration-none text-strikethrough-none\">Orman\u0131n derinli\u011finden gelen k\u0131rm\u0131z\u0131 bir miras.<\/span><\/p>\n<p>[\/et_pb_text][\/et_pb_column][et_pb_column type=&#8221;1_3&#8243; _builder_version=&#8221;4.27.4&#8243; _module_preset=&#8221;default&#8221; background_color=&#8221;RGBA(255,255,255,0)&#8221; use_background_color_gradient=&#8221;on&#8221; background_color_gradient_stops=&#8221;rgba(0,0,0,0.3) 0%|rgba(0,0,0,0.6) 100%&#8221; background_color_gradient_overlays_image=&#8221;on&#8221; background_image=&#8221;https:\/\/neferiye.com\/wp-content\/uploads\/2025\/10\/neferiye-26.webp&#8221; custom_padding=&#8221;40px|40px|40px|40px|true|true&#8221; custom_padding_tablet=&#8221;30px|30px|30px|30px|true|true&#8221; custom_padding_phone=&#8221;20px|20px|20px|20px|true|true&#8221; custom_padding_last_edited=&#8221;on|desktop&#8221; custom_css_main_element=&#8221;display: flex;||flex-direction: column;||justify-content: flex-end;&#8221; box_shadow_style=&#8221;preset4&#8243; box_shadow_horizontal=&#8221;0px&#8221; box_shadow_vertical=&#8221;20px&#8221; box_shadow_blur=&#8221;60px&#8221; box_shadow_color=&#8221;rgba(6,39,58,0.15)&#8221; global_colors_info=&#8221;{}&#8221;][et_pb_text _builder_version=&#8221;4.27.4&#8243; _module_preset=&#8221;4827deed-2a92-4d97-a22f-f01067ae6873&#8243; header_font=&#8221;||||||||&#8221; header_4_font=&#8221;Baskervville|700|||||||&#8221; header_4_text_color=&#8221;#FFFFFF&#8221; header_4_font_size=&#8221;20px&#8221; header_4_line_height=&#8221;1.5em&#8221; text_orientation=&#8221;center&#8221; custom_margin=&#8221;||0px||false|false&#8221; header_4_font_size_tablet=&#8221;16px&#8221; header_4_font_size_phone=&#8221;14px&#8221; header_4_font_size_last_edited=&#8221;on|tablet&#8221; global_colors_info=&#8221;{}&#8221;]<\/p>\n<h4>Ak \u00dcz\u00fcm<\/h4>\n<p>[\/et_pb_text][et_pb_text _builder_version=&#8221;4.27.4&#8243; _module_preset=&#8221;1f09816e-184e-4ce5-a4cf-b39c52c423ca&#8221; text_font=&#8221;||||||||&#8221; text_text_color=&#8221;#FFFFFF&#8221; text_line_height=&#8221;1.8em&#8221; link_text_color=&#8221;#23CDE7&#8243; text_orientation=&#8221;center&#8221; text_font_size_tablet=&#8221;15px&#8221; text_font_size_phone=&#8221;14px&#8221; text_font_size_last_edited=&#8221;on|phone&#8221; header_font_size_tablet=&#8221;55px&#8221; header_font_size_last_edited=&#8221;off|desktop&#8221; global_colors_info=&#8221;{}&#8221;]I\u015f\u0131\u011f\u0131n izinden gelen beyaz zarafet.[\/et_pb_text][\/et_pb_column][\/et_pb_row][\/et_pb_section]<\/p>\n","protected":false},"excerpt":{"rendered":"<p>\u00dcz\u00fcmlerBodrum\u2019un da\u011f k\u00f6ylerinden gelen \u00fc\u00e7 karakter, ayn\u0131 topra\u011f\u0131n farkl\u0131 hik\u00e2yeleri.Bodrum\u2019un da\u011f k\u00f6ylerinden gelen \u00fc\u00e7 karakter, ayn\u0131 topra\u011f\u0131n farkl\u0131 hik\u00e2yeleri.Her biri r\u00fczg\u00e2r\u0131n, tuzun ve g\u00fcne\u015fin izini ta\u015f\u0131r; y\u00fczy\u0131llard\u0131r s\u00fcregelen bir ba\u011f\u0131n, do\u011fayla kurdu\u011fu sessiz sohbetin miras\u00e7\u0131lar\u0131d\u0131r.Pan\u0131kY\u00fcksek da\u011f k\u00f6ylerinin narin ama diren\u00e7li \u00e7ocu\u011fu.Kanl\u0131karaOrman\u0131n derinli\u011finden gelen k\u0131rm\u0131z\u0131 bir miras.Ak \u00dcz\u00fcmI\u015f\u0131\u011f\u0131n izinden gelen beyaz zarafet.<\/p>","protected":false},"author":1,"featured_media":0,"parent":0,"menu_order":0,"comment_status":"closed","ping_status":"closed","template":"","meta":{"_et_pb_use_builder":"on","_et_pb_old_content":"","_et_gb_content_width":"","footnotes":""},"class_list":["post-100108","page","type-page","status-publish","hentry"],"_links":{"self":[{"href":"https:\/\/neferiye.com\/en\/wp-json\/wp\/v2\/pages\/100108","targetHints":{"allow":["GET"]}}],"collection":[{"href":"https:\/\/neferiye.com\/en\/wp-json\/wp\/v2\/pages"}],"about":[{"href":"https:\/\/neferiye.com\/en\/wp-json\/wp\/v2\/types\/page"}],"author":[{"embeddable":true,"href":"https:\/\/neferiye.com\/en\/wp-json\/wp\/v2\/users\/1"}],"replies":[{"embeddable":true,"href":"https:\/\/neferiye.com\/en\/wp-json\/wp\/v2\/comments?post=100108"}],"version-history":[{"count":13,"href":"https:\/\/neferiye.com\/en\/wp-json\/wp\/v2\/pages\/100108\/revisions"}],"predecessor-version":[{"id":100295,"href":"https:\/\/neferiye.com\/en\/wp-json\/wp\/v2\/pages\/100108\/revisions\/100295"}],"wp:attachment":[{"href":"https:\/\/neferiye.com\/en\/wp-json\/wp\/v2\/media?parent=100108"}],"curies":[{"name":"wp","href":"https:\/\/api.w.org\/{rel}","templated":true}]}}